{"id":1551,"date":"2020-12-31T13:46:54","date_gmt":"2020-12-31T13:46:54","guid":{"rendered":"https:\/\/www.siecons.com\/?page_id=1551"},"modified":"2021-01-08T14:10:02","modified_gmt":"2021-01-08T14:10:02","slug":"worker-safety-and-health","status":"publish","type":"page","link":"https:\/\/www.siecons.com\/en\/worker-safety-and-health\/","title":{"rendered":"OCUPATIONAL SAFETY AND HEALTH"},"content":{"rendered":"<div id=\"pl-1551\"  class=\"panel-layout\" ><div id=\"pg-1551-0\"  class=\"panel-grid panel-no-style\" ><div id=\"pgc-1551-0-0\"  class=\"panel-grid-cell\" ><div id=\"panel-1551-0-0-0\" class=\"widget_text so-panel widget widget_custom_html panel-first-child panel-last-child\" data-index=\"0\" ><div class=\"textwidget custom-html-widget\"><h3>GESTION DE SEGURIDAD E HIGIENE INDUSTRIAL<\/h3>\n<p>\u2022 Asesoramiento t\u00e9cnico en Seguridad e Higiene conforme a Ley de Higiene y Seguridad 19587\/72 y Ley de Riesgos del Trabajo 24557\/96.<\/p>\n<p>\u2022 Elaboraci\u00f3n de Plan Anual de Seguridad e Higiene confeccionado a medida de la empresa de acuerdo a la Resoluci\u00f3n MTySS de Santa Fe 607\/11.<\/p>\n<p>\u2022 Soporte y asesoramiento a la empresa ante las Aseguradoras de Riesgos del Trabajo (ART) y Aseguradoras de Incendio.<\/p>\n<p>\u2022 Elaboraci\u00f3n de Informe t\u00e9cnico de Cumplimiento y Adecuaci\u00f3n a la Legislaci\u00f3n municipal, provincial y nacional en materia de Seguridad e Higiene.<\/p>\n<p>\u2022 Implementaci\u00f3n de Procedimiento de Identificaci\u00f3n y evaluaci\u00f3n de cumplimiento de Requisitos Legales en Seguridad e Higiene Industrial y elaboraci\u00f3n de plan de acci\u00f3n para la implementaci\u00f3n de requisitos pendientes.<\/p>\n<p>\u2022 Desarrollo de Auditor\u00edas internas del Sistema de Gesti\u00f3n de Seguridad y Salud Ocupacional de la empresa bajo la especificaci\u00f3n OHSAS 18001, Control de P\u00e9rdidas o Cuidado Responsable (Responsible Care Management systems).<\/p>\n<p>\u2022 Implementaci\u00f3n de Procedimiento de Reporte e investigaci\u00f3n de accidentes, Incidentes y No Conformidades.<\/p>\n<p>\u2022 Elaboraci\u00f3n de Normas y Procedimientos de requisitos para proveedores incluyendo Control de Documentaci\u00f3n y Acceso de Proveedores.<\/p>\n<p>\u2022 Dise\u00f1o e implementaci\u00f3n del Plan Anual de Capacitaci\u00f3n en funci\u00f3n de los riesgos y las necesidades de la empresa entre las que se destacan las siguientes actividades:<\/p>\n<p>-Liderazgo y Cultura de Seguridad - dirigido a Gerentes, Jefes y Supervisores.<\/p>\n<p>-Modelo de Prevenci\u00f3n - Conceptos de Avisos de Riesgo e Investigaci\u00f3n de accidentes e incidentes.<\/p>\n<p>-Realizaci\u00f3n de talleres de evaluaci\u00f3n de riesgos por puesto de trabajo con personal de distintos sectores y niveles jer\u00e1rquicos.<\/p>\n<p>-Riesgos Qu\u00edmicos durante la manipulaci\u00f3n de Sustancias qu\u00edmicas y materiales peligrosos.<\/p>\n<p>-Seguridad Vial y Manejo Defensivo.<\/p>\n<p>-Riesgos Ergon\u00f3micos.<\/p>\n<p>-Ruidos y vibraciones.<\/p>\n<p>-Radiaciones Ionizantes y no Ionizantes.<\/p>\n<p>-Seguridad en espacios confinados.<\/p>\n<p>-Incendios y explosiones.<\/p>\n<p>-Clasificaci\u00f3n de \u00e1reas y conceptos de seguridad durante trabajos en zonas clasificadas.<\/p>\n<p>-Permisos de Trabajo.<\/p>\n<p>-Riesgo El\u00e9ctrico.<\/p>\n<p>-Riesgos biol\u00f3gicos.<\/p>\n<p>-Riesgos y protecciones mec\u00e1nicas incluyendo Cuidado de Manos.<\/p>\n<p>-Trabajos en Altura.<\/p>\n<p>-Seguridad durante el Uso de maquinaria agr\u00edcola.<\/p>\n<p>-Seguridad durante realizaci\u00f3n de trabajos en planta de Silos.<\/p>\n<p>-Seguridad en el Manejo de Agroqu\u00edmicos.<\/p>\n<p>-Uso y cuidado de Elementos de Protecci\u00f3n Personal.<\/p>\n<p> <\/p>\n<h3>PREPARACION Y RESPUESTA ANTE EMERGENCIAS<\/h3>\n<p>\u2022 Elaboraci\u00f3n de Planes de Evacuaci\u00f3n y Procedimientos de Emergencia de acuerdo al An\u00e1lisis de potenciales emergencias de origen interno y externo.<\/p>\n<p>\u2022 Dise\u00f1o del Comit\u00e9 de Crisis y elaboraci\u00f3n del Manual de gerenciamiento de Incidentes Mayores.<\/p>\n<p>\u2022 Dise\u00f1o de Brigadas de Incendio y Evacuaci\u00f3n de acuerdo a NFPA 600 y a las caracter\u00edsticas de la empresa.<\/p>\n<p>\u2022 Elaboraci\u00f3n de Plan Anual de capacitaci\u00f3n y entrenamiento de Brigadas de Incendio y Evacuaci\u00f3n.<\/p>\n<p>\u2022 Elaboraci\u00f3n y desarrollo de Simulacros sobre los escenarios cr\u00edticos identificados.<\/p>\n<p> <\/p>\n<h3>SEGURIDAD Y SALUD DEL TRABAJADOR<\/h3>\n<p>\u2022 Elaboraci\u00f3n de Mapa de exposici\u00f3n a Agentes de Riesgo conforme normativa vigente.<\/p>\n<p>\u2022 Evaluaci\u00f3n de exposici\u00f3n a Ruidos en los puestos de trabajo seg\u00fan Res. MTSS 295\/03.<\/p>\n<p>\u2022 Realizaci\u00f3n de An\u00e1lisis ergon\u00f3micos de los puestos de trabajo.<\/p>\n<p>\u2022 Evaluaci\u00f3n de niveles de iluminaci\u00f3n en los puestos de trabajo.<\/p>\n<p>\u2022 Evaluaci\u00f3n de planes de muestreo de contaminantes qu\u00edmicos en ambiente laboral y de exposici\u00f3n a niveles de contaminantes seg\u00fan Res. MTSS 295\/03.<\/p>\n<p>\u2022 Elaboraci\u00f3n de Evaluaciones de Riesgo por Puesto de Trabajo con m\u00e9todos cualitativos y semicuantitativos.<\/p>\n<p>\u2022 Elaboraci\u00f3n de An\u00e1lisis de Riesgo de Proceso seg\u00fan metodolog\u00edas HAZOP y PHA. <\/p><\/div><\/div><\/div><\/div><\/div>","protected":false},"excerpt":{"rendered":"<p>\u2022 Technical advice on Health and Safety according to the Safety Labor Law. \u2022 Preparation of the Annual Health and Safety Plan specifically made for your company. \u2022 Support and advice for your company about Insurances. \u2022 Preparation of technical report on compliance and adaptation according to muni\u2026<\/p>","protected":false},"author":1,"featured_media":1178,"parent":0,"menu_order":0,"comment_status":"closed","ping_status":"closed","template":"","meta":[],"yoast_head":"<!-- This site is optimized with the Yoast SEO plugin v15.5 - https:\/\/yoast.com\/wordpress\/plugins\/seo\/ -->\n<title>OCUPATIONAL SAFETY AND HEALTH &ndash; SIECONS<\/title>\n<meta name=\"description\" content=\"SIECONS, Servicios Integrales Empresarios Rosario, Siecons, Services for Companies Rosario, Audits Rosario, Legal Requirements Rosario, Norm Implementation Rosario, Human Resources Rosario\" \/>\n<meta name=\"robots\" content=\"index, follow, max-snippet:-1, max-image-preview:large, max-video-preview:-1\" \/>\n<link rel=\"canonical\" href=\"https:\/\/www.siecons.com\/en\/worker-safety-and-health\/\" \/>\n<meta property=\"og:locale\" content=\"en_US\" \/>\n<meta property=\"og:type\" content=\"article\" \/>\n<meta property=\"og:title\" content=\"OCUPATIONAL SAFETY AND HEALTH &ndash; SIECONS\" \/>\n<meta property=\"og:description\" content=\"SIECONS, Servicios Integrales Empresarios Rosario, Siecons, Services for Companies Rosario, Audits Rosario, Legal Requirements Rosario, Norm Implementation Rosario, Human Resources Rosario\" \/>\n<meta property=\"og:url\" content=\"https:\/\/www.siecons.com\/en\/worker-safety-and-health\/\" \/>\n<meta property=\"og:site_name\" content=\"SIECONS\" \/>\n<meta property=\"article:publisher\" content=\"https:\/\/es-la.facebook.com\/SIECONS\/\" \/>\n<meta property=\"article:modified_time\" content=\"2021-01-08T14:10:02+00:00\" \/>\n<meta property=\"og:image\" content=\"https:\/\/www.siecons.com\/wp-content\/uploads\/2016\/09\/pexels-photo-29346.jpg\" \/>\n\t<meta property=\"og:image:width\" content=\"1280\" \/>\n\t<meta property=\"og:image:height\" content=\"853\" \/>\n<meta name=\"twitter:card\" content=\"summary_large_image\" \/>\n<meta name=\"twitter:label1\" content=\"Est. reading time\">\n\t<meta name=\"twitter:data1\" content=\"0 minutes\">\n<script type=\"application\/ld+json\" class=\"yoast-schema-graph\">{\"@context\":\"https:\/\/schema.org\",\"@graph\":[{\"@type\":\"Organization\",\"@id\":\"https:\/\/www.siecons.com\/#organization\",\"name\":\"SIECONS Ing. SRL\",\"url\":\"https:\/\/www.siecons.com\/\",\"sameAs\":[\"https:\/\/es-la.facebook.com\/SIECONS\/\",\"https:\/\/ar.linkedin.com\/company\/sie-consultores\",\"https:\/\/www.youtube.com\/channel\/UCRVmf1pBcn4CCM8gukYQo_g\"],\"logo\":{\"@type\":\"ImageObject\",\"@id\":\"https:\/\/www.siecons.com\/#logo\",\"inLanguage\":\"en-US\",\"url\":\"https:\/\/www.siecons.com\/wp-content\/uploads\/2019\/12\/logo-1920x487-1.png\",\"width\":1920,\"height\":487,\"caption\":\"SIECONS Ing. SRL\"},\"image\":{\"@id\":\"https:\/\/www.siecons.com\/#logo\"}},{\"@type\":\"WebSite\",\"@id\":\"https:\/\/www.siecons.com\/#website\",\"url\":\"https:\/\/www.siecons.com\/\",\"name\":\"SIECONS\",\"description\":\"Projects and Management\",\"publisher\":{\"@id\":\"https:\/\/www.siecons.com\/#organization\"},\"potentialAction\":[{\"@type\":\"SearchAction\",\"target\":\"https:\/\/www.siecons.com\/?s={search_term_string}\",\"query-input\":\"required name=search_term_string\"}],\"inLanguage\":\"en-US\"},{\"@type\":\"ImageObject\",\"@id\":\"https:\/\/www.siecons.com\/en\/worker-safety-and-health\/#primaryimage\",\"inLanguage\":\"en-US\",\"url\":\"https:\/\/www.siecons.com\/wp-content\/uploads\/2016\/09\/pexels-photo-29346.jpg\",\"width\":1280,\"height\":853},{\"@type\":\"WebPage\",\"@id\":\"https:\/\/www.siecons.com\/en\/worker-safety-and-health\/#webpage\",\"url\":\"https:\/\/www.siecons.com\/en\/worker-safety-and-health\/\",\"name\":\"OCUPATIONAL SAFETY AND HEALTH &ndash; SIECONS\",\"isPartOf\":{\"@id\":\"https:\/\/www.siecons.com\/#website\"},\"primaryImageOfPage\":{\"@id\":\"https:\/\/www.siecons.com\/en\/worker-safety-and-health\/#primaryimage\"},\"datePublished\":\"2020-12-31T13:46:54+00:00\",\"dateModified\":\"2021-01-08T14:10:02+00:00\",\"description\":\"SIECONS, Servicios Integrales Empresarios Rosario, Siecons, Services for Companies Rosario, Audits Rosario, Legal Requirements Rosario, Norm Implementation Rosario, Human Resources Rosario\",\"inLanguage\":\"en-US\",\"potentialAction\":[{\"@type\":\"ReadAction\",\"target\":[\"https:\/\/www.siecons.com\/en\/worker-safety-and-health\/\"]}]}]}<\/script>\n<!-- \/ Yoast SEO plugin. -->","_links":{"self":[{"href":"https:\/\/www.siecons.com\/en\/wp-json\/wp\/v2\/pages\/1551"}],"collection":[{"href":"https:\/\/www.siecons.com\/en\/wp-json\/wp\/v2\/pages"}],"about":[{"href":"https:\/\/www.siecons.com\/en\/wp-json\/wp\/v2\/types\/page"}],"author":[{"embeddable":true,"href":"https:\/\/www.siecons.com\/en\/wp-json\/wp\/v2\/users\/1"}],"replies":[{"embeddable":true,"href":"https:\/\/www.siecons.com\/en\/wp-json\/wp\/v2\/comments?post=1551"}],"version-history":[{"count":6,"href":"https:\/\/www.siecons.com\/en\/wp-json\/wp\/v2\/pages\/1551\/revisions"}],"predecessor-version":[{"id":1567,"href":"https:\/\/www.siecons.com\/en\/wp-json\/wp\/v2\/pages\/1551\/revisions\/1567"}],"wp:featuredmedia":[{"embeddable":true,"href":"https:\/\/www.siecons.com\/en\/wp-json\/wp\/v2\/media\/1178"}],"wp:attachment":[{"href":"https:\/\/www.siecons.com\/en\/wp-json\/wp\/v2\/media?parent=1551"}],"curies":[{"name":"wp","href":"https:\/\/api.w.org\/{rel}","templated":true}]}}