{"id":1545,"date":"2020-12-31T13:41:35","date_gmt":"2020-12-31T13:41:35","guid":{"rendered":"https:\/\/www.siecons.com\/?page_id=1545"},"modified":"2020-12-31T13:41:35","modified_gmt":"2020-12-31T13:41:35","slug":"legal-requirements","status":"publish","type":"page","link":"https:\/\/www.siecons.com\/en\/legal-requirements\/","title":{"rendered":"LEGAL REQUIREMENTS"},"content":{"rendered":"<div id=\"pl-1545\"  class=\"panel-layout\" ><div id=\"pg-1545-0\"  class=\"panel-grid panel-no-style\" ><div id=\"pgc-1545-0-0\"  class=\"panel-grid-cell\" ><div id=\"panel-1545-0-0-0\" class=\"widget_text so-panel widget widget_custom_html panel-first-child panel-last-child\" data-index=\"0\" ><div class=\"textwidget custom-html-widget\"><p>\u2022 Elaboraci\u00f3n y actualizaci\u00f3n de matrices de requisitos legales aplicables y de permisos y habilitaciones.<\/p>\n<p>\u2022 Elaboraci\u00f3n y gesti\u00f3n de matriz de Permisos y habilitaciones<\/p>\n<p>\u2022 Actuaci\u00f3n y gesti\u00f3n ante organismos de control (ART, SRT, secretar\u00edas Ambientales, municipalidades y comunas, ministerio de Trabajo, secretar\u00edas Ambientales, municipalidades y comunas, ministerio de Trabajo, secretar\u00eda de Energ\u00eda, aseguradoras en general).<\/p>\n<p>\u2022 Gesti\u00f3n de todo tipo de habilitaciones ante municipalidades y comunas.<\/p><\/div><\/div><\/div><\/div><\/div>","protected":false},"excerpt":{"rendered":"<p>\u2022 Preparation and updating of matrix of applicable legal requirements and of permits and authorizations. \u2022 Preparation and management of the permits and authorizations matrix. \u2022 Performance and management for control entities like Ministries of Labor, Environment, Energy, City Halls and Insurances in general\u2026<\/p>","protected":false},"author":1,"featured_media":1178,"parent":0,"menu_order":0,"comment_status":"closed","ping_status":"closed","template":"","meta":[],"yoast_head":"<!-- This site is optimized with the Yoast SEO plugin v15.5 - https:\/\/yoast.com\/wordpress\/plugins\/seo\/ -->\n<title>LEGAL REQUIREMENTS &ndash; SIECONS<\/title>\n<meta name=\"description\" content=\"SIECONS, Servicios Integrales Empresarios Rosario, Siecons, Services for Companies Rosario, Audits Rosario, Legal Requirements Rosario, Norm Implementation Rosario, Human Resources Rosario\" \/>\n<meta name=\"robots\" content=\"index, follow, max-snippet:-1, max-image-preview:large, max-video-preview:-1\" \/>\n<link rel=\"canonical\" href=\"https:\/\/www.siecons.com\/en\/legal-requirements\/\" \/>\n<meta property=\"og:locale\" content=\"en_US\" \/>\n<meta property=\"og:type\" content=\"article\" \/>\n<meta property=\"og:title\" content=\"LEGAL REQUIREMENTS &ndash; SIECONS\" \/>\n<meta property=\"og:description\" content=\"SIECONS, Servicios Integrales Empresarios Rosario, Siecons, Services for Companies Rosario, Audits Rosario, Legal Requirements Rosario, Norm Implementation Rosario, Human Resources Rosario\" \/>\n<meta property=\"og:url\" content=\"https:\/\/www.siecons.com\/en\/legal-requirements\/\" \/>\n<meta property=\"og:site_name\" content=\"SIECONS\" \/>\n<meta property=\"article:publisher\" content=\"https:\/\/es-la.facebook.com\/SIECONS\/\" \/>\n<meta property=\"og:image\" content=\"https:\/\/www.siecons.com\/wp-content\/uploads\/2016\/09\/pexels-photo-29346.jpg\" \/>\n\t<meta property=\"og:image:width\" content=\"1280\" \/>\n\t<meta property=\"og:image:height\" content=\"853\" \/>\n<meta name=\"twitter:card\" content=\"summary_large_image\" \/>\n<meta name=\"twitter:label1\" content=\"Est. reading time\">\n\t<meta name=\"twitter:data1\" content=\"0 minutes\">\n<script type=\"application\/ld+json\" class=\"yoast-schema-graph\">{\"@context\":\"https:\/\/schema.org\",\"@graph\":[{\"@type\":\"Organization\",\"@id\":\"https:\/\/www.siecons.com\/#organization\",\"name\":\"SIECONS Ing. SRL\",\"url\":\"https:\/\/www.siecons.com\/\",\"sameAs\":[\"https:\/\/es-la.facebook.com\/SIECONS\/\",\"https:\/\/ar.linkedin.com\/company\/sie-consultores\",\"https:\/\/www.youtube.com\/channel\/UCRVmf1pBcn4CCM8gukYQo_g\"],\"logo\":{\"@type\":\"ImageObject\",\"@id\":\"https:\/\/www.siecons.com\/#logo\",\"inLanguage\":\"en-US\",\"url\":\"https:\/\/www.siecons.com\/wp-content\/uploads\/2019\/12\/logo-1920x487-1.png\",\"width\":1920,\"height\":487,\"caption\":\"SIECONS Ing. SRL\"},\"image\":{\"@id\":\"https:\/\/www.siecons.com\/#logo\"}},{\"@type\":\"WebSite\",\"@id\":\"https:\/\/www.siecons.com\/#website\",\"url\":\"https:\/\/www.siecons.com\/\",\"name\":\"SIECONS\",\"description\":\"Projects and Management\",\"publisher\":{\"@id\":\"https:\/\/www.siecons.com\/#organization\"},\"potentialAction\":[{\"@type\":\"SearchAction\",\"target\":\"https:\/\/www.siecons.com\/?s={search_term_string}\",\"query-input\":\"required name=search_term_string\"}],\"inLanguage\":\"en-US\"},{\"@type\":\"ImageObject\",\"@id\":\"https:\/\/www.siecons.com\/en\/legal-requirements\/#primaryimage\",\"inLanguage\":\"en-US\",\"url\":\"https:\/\/www.siecons.com\/wp-content\/uploads\/2016\/09\/pexels-photo-29346.jpg\",\"width\":1280,\"height\":853},{\"@type\":\"WebPage\",\"@id\":\"https:\/\/www.siecons.com\/en\/legal-requirements\/#webpage\",\"url\":\"https:\/\/www.siecons.com\/en\/legal-requirements\/\",\"name\":\"LEGAL REQUIREMENTS &ndash; SIECONS\",\"isPartOf\":{\"@id\":\"https:\/\/www.siecons.com\/#website\"},\"primaryImageOfPage\":{\"@id\":\"https:\/\/www.siecons.com\/en\/legal-requirements\/#primaryimage\"},\"datePublished\":\"2020-12-31T13:41:35+00:00\",\"dateModified\":\"2020-12-31T13:41:35+00:00\",\"description\":\"SIECONS, Servicios Integrales Empresarios Rosario, Siecons, Services for Companies Rosario, Audits Rosario, Legal Requirements Rosario, Norm Implementation Rosario, Human Resources Rosario\",\"inLanguage\":\"en-US\",\"potentialAction\":[{\"@type\":\"ReadAction\",\"target\":[\"https:\/\/www.siecons.com\/en\/legal-requirements\/\"]}]}]}<\/script>\n<!-- \/ Yoast SEO plugin. -->","_links":{"self":[{"href":"https:\/\/www.siecons.com\/en\/wp-json\/wp\/v2\/pages\/1545"}],"collection":[{"href":"https:\/\/www.siecons.com\/en\/wp-json\/wp\/v2\/pages"}],"about":[{"href":"https:\/\/www.siecons.com\/en\/wp-json\/wp\/v2\/types\/page"}],"author":[{"embeddable":true,"href":"https:\/\/www.siecons.com\/en\/wp-json\/wp\/v2\/users\/1"}],"replies":[{"embeddable":true,"href":"https:\/\/www.siecons.com\/en\/wp-json\/wp\/v2\/comments?post=1545"}],"version-history":[{"count":2,"href":"https:\/\/www.siecons.com\/en\/wp-json\/wp\/v2\/pages\/1545\/revisions"}],"predecessor-version":[{"id":1547,"href":"https:\/\/www.siecons.com\/en\/wp-json\/wp\/v2\/pages\/1545\/revisions\/1547"}],"wp:featuredmedia":[{"embeddable":true,"href":"https:\/\/www.siecons.com\/en\/wp-json\/wp\/v2\/media\/1178"}],"wp:attachment":[{"href":"https:\/\/www.siecons.com\/en\/wp-json\/wp\/v2\/media?parent=1545"}],"curies":[{"name":"wp","href":"https:\/\/api.w.org\/{rel}","templated":true}]}}