{"id":1542,"date":"2020-12-31T13:40:08","date_gmt":"2020-12-31T13:40:08","guid":{"rendered":"https:\/\/www.siecons.com\/?page_id=1542"},"modified":"2020-12-31T13:40:08","modified_gmt":"2020-12-31T13:40:08","slug":"human-resources-and-administration","status":"publish","type":"page","link":"https:\/\/www.siecons.com\/en\/human-resources-and-administration\/","title":{"rendered":"HUMAN RESOURCES AND ADMINISTRATION"},"content":{"rendered":"<div id=\"pl-1542\"  class=\"panel-layout\" ><div id=\"pg-1542-0\"  class=\"panel-grid panel-no-style\" ><div id=\"pgc-1542-0-0\"  class=\"panel-grid-cell\" ><div id=\"panel-1542-0-0-0\" class=\"widget_text so-panel widget widget_custom_html panel-first-child panel-last-child\" data-index=\"0\" ><div class=\"textwidget custom-html-widget\"><!--<p>\u2022 An\u00e1lisis de necesidades y dise\u00f1o de planes integrales de capacitaci\u00f3n<\/p>-->\n<p>\u2022 Definici\u00f3n y elaboraci\u00f3n de puestos de trabajo<\/p>\n<p>\u2022 Capacitaci\u00f3n y entrenamientos espec\u00edficos<\/p>\n<p>\u2022 An\u00e1lisis y definici\u00f3n de estructura organizacional<\/p>\n<p>\u2022 Dise\u00f1o y desarrollo de e-learnings<\/p>\n<p>\u2022 B\u00fasqueda y selecci\u00f3n de personal<\/p>\n<p>\u2022 Declaraciones juradas de cargas sociales ante organismos de previsi\u00f3n social, sindicatos y obras sociales<\/p>\n<p>\u2022 Asesoramiento en materia laboral: Indemnizaciones, cartas documentos, beneficios sociales.<\/p><\/div><\/div><\/div><\/div><\/div>","protected":false},"excerpt":{"rendered":"<p>\u2022 Definition and development of job positions. \u2022 Trainings. \u2022 Analysis and definition of organizational structure. \u2022 Design and development of e-learnings. \u2022 Search and selection of personnel. \u2022 Paycheck, salary and wages. \u2022 Affidavits of social charges for social security organizations, unions and social works. \u2022 Advice on job matters, compe\u2026<\/p>","protected":false},"author":1,"featured_media":1178,"parent":0,"menu_order":0,"comment_status":"closed","ping_status":"closed","template":"","meta":[],"yoast_head":"<!-- This site is optimized with the Yoast SEO plugin v15.5 - https:\/\/yoast.com\/wordpress\/plugins\/seo\/ -->\n<title>HUMAN RESOURCES AND ADMINISTRATION &ndash; SIECONS<\/title>\n<meta name=\"description\" content=\"SIECONS, Servicios Integrales Empresarios Rosario, Siecons, Services for Companies Rosario, Audits Rosario, Legal Requirements Rosario, Norm Implementation Rosario, Human Resources Rosario\" \/>\n<meta name=\"robots\" content=\"index, follow, max-snippet:-1, max-image-preview:large, max-video-preview:-1\" \/>\n<link rel=\"canonical\" href=\"https:\/\/www.siecons.com\/en\/human-resources-and-administration\/\" \/>\n<meta property=\"og:locale\" content=\"en_US\" \/>\n<meta property=\"og:type\" content=\"article\" \/>\n<meta property=\"og:title\" content=\"HUMAN RESOURCES AND ADMINISTRATION &ndash; SIECONS\" \/>\n<meta property=\"og:description\" content=\"SIECONS, Servicios Integrales Empresarios Rosario, Siecons, Services for Companies Rosario, Audits Rosario, Legal Requirements Rosario, Norm Implementation Rosario, Human Resources Rosario\" \/>\n<meta property=\"og:url\" content=\"https:\/\/www.siecons.com\/en\/human-resources-and-administration\/\" \/>\n<meta property=\"og:site_name\" content=\"SIECONS\" \/>\n<meta property=\"article:publisher\" content=\"https:\/\/es-la.facebook.com\/SIECONS\/\" \/>\n<meta property=\"og:image\" content=\"https:\/\/www.siecons.com\/wp-content\/uploads\/2016\/09\/pexels-photo-29346.jpg\" \/>\n\t<meta property=\"og:image:width\" content=\"1280\" \/>\n\t<meta property=\"og:image:height\" content=\"853\" \/>\n<meta name=\"twitter:card\" content=\"summary_large_image\" \/>\n<meta name=\"twitter:label1\" content=\"Est. reading time\">\n\t<meta name=\"twitter:data1\" content=\"0 minutes\">\n<script type=\"application\/ld+json\" class=\"yoast-schema-graph\">{\"@context\":\"https:\/\/schema.org\",\"@graph\":[{\"@type\":\"Organization\",\"@id\":\"https:\/\/www.siecons.com\/#organization\",\"name\":\"SIECONS Ing. SRL\",\"url\":\"https:\/\/www.siecons.com\/\",\"sameAs\":[\"https:\/\/es-la.facebook.com\/SIECONS\/\",\"https:\/\/ar.linkedin.com\/company\/sie-consultores\",\"https:\/\/www.youtube.com\/channel\/UCRVmf1pBcn4CCM8gukYQo_g\"],\"logo\":{\"@type\":\"ImageObject\",\"@id\":\"https:\/\/www.siecons.com\/#logo\",\"inLanguage\":\"en-US\",\"url\":\"https:\/\/www.siecons.com\/wp-content\/uploads\/2019\/12\/logo-1920x487-1.png\",\"width\":1920,\"height\":487,\"caption\":\"SIECONS Ing. SRL\"},\"image\":{\"@id\":\"https:\/\/www.siecons.com\/#logo\"}},{\"@type\":\"WebSite\",\"@id\":\"https:\/\/www.siecons.com\/#website\",\"url\":\"https:\/\/www.siecons.com\/\",\"name\":\"SIECONS\",\"description\":\"Projects and Management\",\"publisher\":{\"@id\":\"https:\/\/www.siecons.com\/#organization\"},\"potentialAction\":[{\"@type\":\"SearchAction\",\"target\":\"https:\/\/www.siecons.com\/?s={search_term_string}\",\"query-input\":\"required name=search_term_string\"}],\"inLanguage\":\"en-US\"},{\"@type\":\"ImageObject\",\"@id\":\"https:\/\/www.siecons.com\/en\/human-resources-and-administration\/#primaryimage\",\"inLanguage\":\"en-US\",\"url\":\"https:\/\/www.siecons.com\/wp-content\/uploads\/2016\/09\/pexels-photo-29346.jpg\",\"width\":1280,\"height\":853},{\"@type\":\"WebPage\",\"@id\":\"https:\/\/www.siecons.com\/en\/human-resources-and-administration\/#webpage\",\"url\":\"https:\/\/www.siecons.com\/en\/human-resources-and-administration\/\",\"name\":\"HUMAN RESOURCES AND ADMINISTRATION &ndash; SIECONS\",\"isPartOf\":{\"@id\":\"https:\/\/www.siecons.com\/#website\"},\"primaryImageOfPage\":{\"@id\":\"https:\/\/www.siecons.com\/en\/human-resources-and-administration\/#primaryimage\"},\"datePublished\":\"2020-12-31T13:40:08+00:00\",\"dateModified\":\"2020-12-31T13:40:08+00:00\",\"description\":\"SIECONS, Servicios Integrales Empresarios Rosario, Siecons, Services for Companies Rosario, Audits Rosario, Legal Requirements Rosario, Norm Implementation Rosario, Human Resources Rosario\",\"inLanguage\":\"en-US\",\"potentialAction\":[{\"@type\":\"ReadAction\",\"target\":[\"https:\/\/www.siecons.com\/en\/human-resources-and-administration\/\"]}]}]}<\/script>\n<!-- \/ Yoast SEO plugin. -->","_links":{"self":[{"href":"https:\/\/www.siecons.com\/en\/wp-json\/wp\/v2\/pages\/1542"}],"collection":[{"href":"https:\/\/www.siecons.com\/en\/wp-json\/wp\/v2\/pages"}],"about":[{"href":"https:\/\/www.siecons.com\/en\/wp-json\/wp\/v2\/types\/page"}],"author":[{"embeddable":true,"href":"https:\/\/www.siecons.com\/en\/wp-json\/wp\/v2\/users\/1"}],"replies":[{"embeddable":true,"href":"https:\/\/www.siecons.com\/en\/wp-json\/wp\/v2\/comments?post=1542"}],"version-history":[{"count":2,"href":"https:\/\/www.siecons.com\/en\/wp-json\/wp\/v2\/pages\/1542\/revisions"}],"predecessor-version":[{"id":1544,"href":"https:\/\/www.siecons.com\/en\/wp-json\/wp\/v2\/pages\/1542\/revisions\/1544"}],"wp:featuredmedia":[{"embeddable":true,"href":"https:\/\/www.siecons.com\/en\/wp-json\/wp\/v2\/media\/1178"}],"wp:attachment":[{"href":"https:\/\/www.siecons.com\/en\/wp-json\/wp\/v2\/media?parent=1542"}],"curies":[{"name":"wp","href":"https:\/\/api.w.org\/{rel}","templated":true}]}}