{"id":1533,"date":"2020-12-31T13:31:26","date_gmt":"2020-12-31T13:31:26","guid":{"rendered":"https:\/\/www.siecons.com\/?page_id=1533"},"modified":"2020-12-31T13:31:26","modified_gmt":"2020-12-31T13:31:26","slug":"quality-and-food-safety","status":"publish","type":"page","link":"https:\/\/www.siecons.com\/en\/quality-and-food-safety\/","title":{"rendered":"QUALITY AND FOOD SAFETY"},"content":{"rendered":"<div id=\"pl-1533\"  class=\"panel-layout\" ><div id=\"pg-1533-0\"  class=\"panel-grid panel-no-style\" ><div id=\"pgc-1533-0-0\"  class=\"panel-grid-cell\" ><div id=\"panel-1533-0-0-0\" class=\"widget_text so-panel widget widget_custom_html panel-first-child panel-last-child\" data-index=\"0\" ><div class=\"textwidget custom-html-widget\"><p>Implementaci\u00f3n y certificaci\u00f3n de Sistema de Gesti\u00f3n de Calidad con enfoque basado en procesos conforme est\u00e1ndar ISO 9001:2015.<\/p>\n<p>Talleres de formaci\u00f3n de Auditores internos ISO 9001:2015 e ISO 14001:2015.<\/p>\n<p>Desarrollo y dise\u00f1o de Manual y Pol\u00edtica de Calidad.<\/p>\n<p>Dise\u00f1o e implementaci\u00f3n de procedimientos de Inspecci\u00f3n y ensayo.<\/p>\n<p>Dise\u00f1o e implementaci\u00f3n de procedimientos de Recall (Retiro de productos del mercado) incluyendo simulacros y manejo de Crisis.<\/p>\n<p>Realizaci\u00f3n de Auditor\u00edas Internas conforme est\u00e1ndares ISO y BPM. <\/p>\n<p>Implementaci\u00f3n de Buenas Pr\u00e1cticas de Manufactura.<\/p>\n<p>Evaluaci\u00f3n de puntos cr\u00edticos de control de procesos - HACCP.<\/p>\n<p>Aplicaci\u00f3n de Control Estad\u00edstico de Procesos.<\/p>\n<p>Realizaci\u00f3n de Auditor\u00edas a Proveedores.<\/p>\n<p>Gesti\u00f3n de Seguridad Alimentaria (HACCP, ISO 22000).<\/p><\/div><\/div><\/div><\/div><\/div>","protected":false},"excerpt":{"rendered":"<p>Implementation of Quality Management System with an approach based on processes in accordance with ISO 9001:2015 standards.  Training of internal auditors ISO 9001:2015 and ISO 14001:2015. Development and design of Manual and Quality Policy. Design and implementation of inspection and testing procedures. Design and\u2026<\/p>","protected":false},"author":1,"featured_media":1178,"parent":0,"menu_order":0,"comment_status":"closed","ping_status":"closed","template":"","meta":[],"yoast_head":"<!-- This site is optimized with the Yoast SEO plugin v15.5 - https:\/\/yoast.com\/wordpress\/plugins\/seo\/ -->\n<title>QUALITY AND FOOD SAFETY &ndash; SIECONS<\/title>\n<meta name=\"description\" content=\"SIECONS, Servicios Integrales Empresarios Rosario, Siecons, Services for Companies Rosario, Audits Rosario, Legal Requirements Rosario, Norm Implementation Rosario, Human Resources Rosario\" \/>\n<meta name=\"robots\" content=\"index, follow, max-snippet:-1, max-image-preview:large, max-video-preview:-1\" \/>\n<link rel=\"canonical\" href=\"https:\/\/www.siecons.com\/en\/quality-and-food-safety\/\" \/>\n<meta property=\"og:locale\" content=\"en_US\" \/>\n<meta property=\"og:type\" content=\"article\" \/>\n<meta property=\"og:title\" content=\"QUALITY AND FOOD SAFETY &ndash; SIECONS\" \/>\n<meta property=\"og:description\" content=\"SIECONS, Servicios Integrales Empresarios Rosario, Siecons, Services for Companies Rosario, Audits Rosario, Legal Requirements Rosario, Norm Implementation Rosario, Human Resources Rosario\" \/>\n<meta property=\"og:url\" content=\"https:\/\/www.siecons.com\/en\/quality-and-food-safety\/\" \/>\n<meta property=\"og:site_name\" content=\"SIECONS\" \/>\n<meta property=\"article:publisher\" content=\"https:\/\/es-la.facebook.com\/SIECONS\/\" \/>\n<meta property=\"og:image\" content=\"https:\/\/www.siecons.com\/wp-content\/uploads\/2016\/09\/pexels-photo-29346.jpg\" \/>\n\t<meta property=\"og:image:width\" content=\"1280\" \/>\n\t<meta property=\"og:image:height\" content=\"853\" \/>\n<meta name=\"twitter:card\" content=\"summary_large_image\" \/>\n<meta name=\"twitter:label1\" content=\"Est. reading time\">\n\t<meta name=\"twitter:data1\" content=\"0 minutes\">\n<script type=\"application\/ld+json\" class=\"yoast-schema-graph\">{\"@context\":\"https:\/\/schema.org\",\"@graph\":[{\"@type\":\"Organization\",\"@id\":\"https:\/\/www.siecons.com\/#organization\",\"name\":\"SIECONS Ing. SRL\",\"url\":\"https:\/\/www.siecons.com\/\",\"sameAs\":[\"https:\/\/es-la.facebook.com\/SIECONS\/\",\"https:\/\/ar.linkedin.com\/company\/sie-consultores\",\"https:\/\/www.youtube.com\/channel\/UCRVmf1pBcn4CCM8gukYQo_g\"],\"logo\":{\"@type\":\"ImageObject\",\"@id\":\"https:\/\/www.siecons.com\/#logo\",\"inLanguage\":\"en-US\",\"url\":\"https:\/\/www.siecons.com\/wp-content\/uploads\/2019\/12\/logo-1920x487-1.png\",\"width\":1920,\"height\":487,\"caption\":\"SIECONS Ing. SRL\"},\"image\":{\"@id\":\"https:\/\/www.siecons.com\/#logo\"}},{\"@type\":\"WebSite\",\"@id\":\"https:\/\/www.siecons.com\/#website\",\"url\":\"https:\/\/www.siecons.com\/\",\"name\":\"SIECONS\",\"description\":\"Projects and Management\",\"publisher\":{\"@id\":\"https:\/\/www.siecons.com\/#organization\"},\"potentialAction\":[{\"@type\":\"SearchAction\",\"target\":\"https:\/\/www.siecons.com\/?s={search_term_string}\",\"query-input\":\"required name=search_term_string\"}],\"inLanguage\":\"en-US\"},{\"@type\":\"ImageObject\",\"@id\":\"https:\/\/www.siecons.com\/en\/quality-and-food-safety\/#primaryimage\",\"inLanguage\":\"en-US\",\"url\":\"https:\/\/www.siecons.com\/wp-content\/uploads\/2016\/09\/pexels-photo-29346.jpg\",\"width\":1280,\"height\":853},{\"@type\":\"WebPage\",\"@id\":\"https:\/\/www.siecons.com\/en\/quality-and-food-safety\/#webpage\",\"url\":\"https:\/\/www.siecons.com\/en\/quality-and-food-safety\/\",\"name\":\"QUALITY AND FOOD SAFETY &ndash; SIECONS\",\"isPartOf\":{\"@id\":\"https:\/\/www.siecons.com\/#website\"},\"primaryImageOfPage\":{\"@id\":\"https:\/\/www.siecons.com\/en\/quality-and-food-safety\/#primaryimage\"},\"datePublished\":\"2020-12-31T13:31:26+00:00\",\"dateModified\":\"2020-12-31T13:31:26+00:00\",\"description\":\"SIECONS, Servicios Integrales Empresarios Rosario, Siecons, Services for Companies Rosario, Audits Rosario, Legal Requirements Rosario, Norm Implementation Rosario, Human Resources Rosario\",\"inLanguage\":\"en-US\",\"potentialAction\":[{\"@type\":\"ReadAction\",\"target\":[\"https:\/\/www.siecons.com\/en\/quality-and-food-safety\/\"]}]}]}<\/script>\n<!-- \/ Yoast SEO plugin. -->","_links":{"self":[{"href":"https:\/\/www.siecons.com\/en\/wp-json\/wp\/v2\/pages\/1533"}],"collection":[{"href":"https:\/\/www.siecons.com\/en\/wp-json\/wp\/v2\/pages"}],"about":[{"href":"https:\/\/www.siecons.com\/en\/wp-json\/wp\/v2\/types\/page"}],"author":[{"embeddable":true,"href":"https:\/\/www.siecons.com\/en\/wp-json\/wp\/v2\/users\/1"}],"replies":[{"embeddable":true,"href":"https:\/\/www.siecons.com\/en\/wp-json\/wp\/v2\/comments?post=1533"}],"version-history":[{"count":2,"href":"https:\/\/www.siecons.com\/en\/wp-json\/wp\/v2\/pages\/1533\/revisions"}],"predecessor-version":[{"id":1535,"href":"https:\/\/www.siecons.com\/en\/wp-json\/wp\/v2\/pages\/1533\/revisions\/1535"}],"wp:featuredmedia":[{"embeddable":true,"href":"https:\/\/www.siecons.com\/en\/wp-json\/wp\/v2\/media\/1178"}],"wp:attachment":[{"href":"https:\/\/www.siecons.com\/en\/wp-json\/wp\/v2\/media?parent=1533"}],"curies":[{"name":"wp","href":"https:\/\/api.w.org\/{rel}","templated":true}]}}